{"id":8,"date":"2025-05-23T01:31:42","date_gmt":"2025-05-22T23:31:42","guid":{"rendered":"https:\/\/buhrautomatiktueren.de\/htdoc\/wordpress\/?page_id=8"},"modified":"2025-10-01T02:39:00","modified_gmt":"2025-10-01T00:39:00","slug":"ueber-uns","status":"publish","type":"page","link":"https:\/\/buhrautomatiktueren.de\/?page_id=8","title":{"rendered":"\u00dcber uns"},"content":{"rendered":"\t\t<div data-elementor-type=\"wp-page\" data-elementor-id=\"8\" class=\"elementor elementor-8\" data-elementor-settings=\"{&quot;ha_cmc_init_switcher&quot;:&quot;no&quot;}\">\n\t\t\t\t\t\t<section class=\"elementor-section elementor-top-section elementor-element elementor-element-bf2961a elementor-section-height-min-height elementor-section-full_width elementor-section-height-default elementor-section-items-middle\" data-id=\"bf2961a\" data-element_type=\"section\" data-settings=\"{&quot;_ha_eqh_enable&quot;:false}\">\n\t\t\t\t\t\t\t<div class=\"elementor-background-overlay\"><\/div>\n\t\t\t\t\t\t\t<div class=\"elementor-container elementor-column-gap-default\">\n\t\t\t\t\t<div class=\"elementor-column elementor-col-100 elementor-top-column elementor-element elementor-element-d9eb898\" data-id=\"d9eb898\" data-element_type=\"column\">\n\t\t\t<div class=\"elementor-widget-wrap elementor-element-populated\">\n\t\t\t\t\t\t<div class=\"elementor-element elementor-element-1d5e30c7 elementor-widget elementor-widget-heading\" data-id=\"1d5e30c7\" data-element_type=\"widget\" data-widget_type=\"heading.default\">\n\t\t\t\t\t<h2 class=\"elementor-heading-title elementor-size-default\">\u00dcber uns<\/h2>\t\t\t\t<\/div>\n\t\t\t\t<div class=\"elementor-element elementor-element-bba57e3 elementor-invisible elementor-widget elementor-widget-image\" data-id=\"bba57e3\" data-element_type=\"widget\" data-settings=\"{&quot;_animation&quot;:&quot;fadeInDown&quot;}\" data-widget_type=\"image.default\">\n\t\t\t\t\t\t\t\t\t\t\t\t<figure class=\"wp-caption\">\n\t\t\t\t\t\t\t\t\t\t<img fetchpriority=\"high\" decoding=\"async\" width=\"279\" height=\"223\" src=\"https:\/\/buhrautomatiktueren.de\/wp-content\/uploads\/2025\/05\/428.webp\" class=\"attachment-large size-large wp-image-109\" alt=\"\" \/>\t\t\t\t\t\t\t\t\t\t\t<figcaption class=\"widget-image-caption wp-caption-text\">Rianca und Karsten Buhr<br> Gesch\u00e4ftsf\u00fchrung<\/figcaption>\n\t\t\t\t\t\t\t\t\t\t<\/figure>\n\t\t\t\t\t\t\t\t\t<\/div>\n\t\t\t\t<div class=\"elementor-element elementor-element-58d22be3 elementor-invisible elementor-widget elementor-widget-text-editor\" data-id=\"58d22be3\" data-element_type=\"widget\" data-settings=\"{&quot;_animation&quot;:&quot;fadeInLeft&quot;}\" data-widget_type=\"text-editor.default\">\n\t\t\t\t\t\t\t\t\t<p>Die Firma Buhr Automatikt\u00fcren ist ein traditionell handwerklich ausgerichteter Betrieb und wurde 2007 von Karsten Buhr gegr\u00fcndet.<\/p><p>Wir sind ein inhabergef\u00fchrtes Unternehmen mit einem Team von Spezialisten mit langj\u00e4hriger Erfahrung im Bereich der T\u00fcrautomation &#8211; erfahren, qualifiziert, motiviert, dynamisch und flexibel.<\/p><p>Durch die B\u00fcndelung der Kompetenzen und die Erfahrung unserer Mitarbeiter und Zulieferer bieten wir Ihnen einen optimalen Rundum-Service. Unsere St\u00e4rken sind hohe Produktqualit\u00e4t, kompetente und regelkonforme Vor-Ort-Beratung, schnelle Angebotserstellung, kurze Lieferzeiten und hohe Termintreue.<\/p><p>Wir sorgen daf\u00fcr, da\u00df Ihre Kunden einen leichten, freundlichen und barrierefreien Zugang haben.<\/p>\t\t\t\t\t\t\t\t<\/div>\n\t\t\t\t<div class=\"elementor-element elementor-element-3d3b554 elementor-invisible elementor-widget elementor-widget-text-editor\" data-id=\"3d3b554\" data-element_type=\"widget\" data-settings=\"{&quot;_animation&quot;:&quot;fadeInRight&quot;}\" data-widget_type=\"text-editor.default\">\n\t\t\t\t\t\t\t\t\t<p>Unser Service und unsere Dienstleistungspalette erstrecken sich \u00fcber kompetente Beratung, Vertrieb, Montage-, Umr\u00fcstung-, Wartungs- und Reparaturservice bis hin zum 24h Notdienst von:<\/p><ul><li>Schiebe- und Dreht\u00fcrantrieben<\/li><li>Feststellanlagen<\/li><li>T\u00fcr- und Torantrieben<\/li><li>Brandschutzt\u00fcren<\/li><\/ul><p>Wir sind sicherheitszertifiziert nach SGU aus dem SCC Regelwerk und arbeiten nach DIN 18650, Arbeits-Sicherheits- Richtlinien 1.7, AutSchR und der EN16005.<\/p><p>Zudem k\u00f6nnen wir originale Ersatzteile anbieten und sind f\u00fcr deren Einbau qualifiziert.<\/p><p>Die Zufriedenheit unserer Kunden steht f\u00fcr uns an oberster Stelle.<\/p><p>Als Partner der Firma H\u00f6rmann, Geze, Dormakaba, Dictator usw.. bieten wir Ihnen ein breites Leistungsspektrum von Schiebet\u00fcren, Dreht\u00fcren und Feststellanlagen bis hin zur Programmpalette der Hersteller H\u00f6rmann, Teckentrup und Heroal f\u00fcr Sektionaltore, Garagentore und T\u00fcren.<\/p>\t\t\t\t\t\t\t\t<\/div>\n\t\t\t\t\t<\/div>\n\t\t<\/div>\n\t\t\t\t\t<\/div>\n\t\t<\/section>\n\t\t\t\t<\/div>\n\t\t","protected":false},"excerpt":{"rendered":"<p>\u00dcber uns Rianca und Karsten Buhr Gesch\u00e4ftsf\u00fchrung Die Firma Buhr Automatikt\u00fcren ist ein traditionell handwerklich ausgerichteter Betrieb und wurde 2007 von Karsten Buhr gegr\u00fcndet. Wir sind ein inhabergef\u00fchrtes Unternehmen mit einem Team von Spezialisten mit langj\u00e4hriger Erfahrung im Bereich der T\u00fcrautomation &#8211; erfahren, qualifiziert, motiviert, dynamisch und flexibel. Durch die B\u00fcndelung der Kompetenzen und die [&hellip;]<\/p>\n","protected":false},"author":1,"featured_media":0,"parent":0,"menu_order":0,"comment_status":"closed","ping_status":"closed","template":"","meta":{"ocean_post_layout":"","ocean_both_sidebars_style":"","ocean_both_sidebars_content_width":0,"ocean_both_sidebars_sidebars_width":0,"ocean_sidebar":"","ocean_second_sidebar":"","ocean_disable_margins":"enable","ocean_add_body_class":"","ocean_shortcode_before_top_bar":"","ocean_shortcode_after_top_bar":"","ocean_shortcode_before_header":"","ocean_shortcode_after_header":"","ocean_has_shortcode":"","ocean_shortcode_after_title":"","ocean_shortcode_before_footer_widgets":"","ocean_shortcode_after_footer_widgets":"","ocean_shortcode_before_footer_bottom":"","ocean_shortcode_after_footer_bottom":"","ocean_display_top_bar":"default","ocean_display_header":"default","ocean_header_style":"","ocean_center_header_left_menu":"","ocean_custom_header_template":"","ocean_custom_logo":0,"ocean_custom_retina_logo":0,"ocean_custom_logo_max_width":0,"ocean_custom_logo_tablet_max_width":0,"ocean_custom_logo_mobile_max_width":0,"ocean_custom_logo_max_height":0,"ocean_custom_logo_tablet_max_height":0,"ocean_custom_logo_mobile_max_height":0,"ocean_header_custom_menu":"","ocean_menu_typo_font_family":"","ocean_menu_typo_font_subset":"","ocean_menu_typo_font_size":0,"ocean_menu_typo_font_size_tablet":0,"ocean_menu_typo_font_size_mobile":0,"ocean_menu_typo_font_size_unit":"px","ocean_menu_typo_font_weight":"","ocean_menu_typo_font_weight_tablet":"","ocean_menu_typo_font_weight_mobile":"","ocean_menu_typo_transform":"","ocean_menu_typo_transform_tablet":"","ocean_menu_typo_transform_mobile":"","ocean_menu_typo_line_height":0,"ocean_menu_typo_line_height_tablet":0,"ocean_menu_typo_line_height_mobile":0,"ocean_menu_typo_line_height_unit":"","ocean_menu_typo_spacing":0,"ocean_menu_typo_spacing_tablet":0,"ocean_menu_typo_spacing_mobile":0,"ocean_menu_typo_spacing_unit":"","ocean_menu_link_color":"","ocean_menu_link_color_hover":"","ocean_menu_link_color_active":"","ocean_menu_link_background":"","ocean_menu_link_hover_background":"","ocean_menu_link_active_background":"","ocean_menu_social_links_bg":"","ocean_menu_social_hover_links_bg":"","ocean_menu_social_links_color":"","ocean_menu_social_hover_links_color":"","ocean_disable_title":"default","ocean_disable_heading":"default","ocean_post_title":"","ocean_post_subheading":"","ocean_post_title_style":"","ocean_post_title_background_color":"","ocean_post_title_background":0,"ocean_post_title_bg_image_position":"","ocean_post_title_bg_image_attachment":"","ocean_post_title_bg_image_repeat":"","ocean_post_title_bg_image_size":"","ocean_post_title_height":0,"ocean_post_title_bg_overlay":0.5,"ocean_post_title_bg_overlay_color":"","ocean_disable_breadcrumbs":"default","ocean_breadcrumbs_color":"","ocean_breadcrumbs_separator_color":"","ocean_breadcrumbs_links_color":"","ocean_breadcrumbs_links_hover_color":"","ocean_display_footer_widgets":"default","ocean_display_footer_bottom":"default","ocean_custom_footer_template":"","footnotes":""},"class_list":["post-8","page","type-page","status-publish","hentry","entry"],"_links":{"self":[{"href":"https:\/\/buhrautomatiktueren.de\/index.php?rest_route=\/wp\/v2\/pages\/8","targetHints":{"allow":["GET"]}}],"collection":[{"href":"https:\/\/buhrautomatiktueren.de\/index.php?rest_route=\/wp\/v2\/pages"}],"about":[{"href":"https:\/\/buhrautomatiktueren.de\/index.php?rest_route=\/wp\/v2\/types\/page"}],"author":[{"embeddable":true,"href":"https:\/\/buhrautomatiktueren.de\/index.php?rest_route=\/wp\/v2\/users\/1"}],"replies":[{"embeddable":true,"href":"https:\/\/buhrautomatiktueren.de\/index.php?rest_route=%2Fwp%2Fv2%2Fcomments&post=8"}],"version-history":[{"count":26,"href":"https:\/\/buhrautomatiktueren.de\/index.php?rest_route=\/wp\/v2\/pages\/8\/revisions"}],"predecessor-version":[{"id":226,"href":"https:\/\/buhrautomatiktueren.de\/index.php?rest_route=\/wp\/v2\/pages\/8\/revisions\/226"}],"wp:attachment":[{"href":"https:\/\/buhrautomatiktueren.de\/index.php?rest_route=%2Fwp%2Fv2%2Fmedia&parent=8"}],"curies":[{"name":"wp","href":"https:\/\/api.w.org\/{rel}","templated":true}]}}